{"id":9,"date":"2017-10-01T12:03:28","date_gmt":"2017-10-01T10:03:28","guid":{"rendered":"http:\/\/laviecommence.fr\/?page_id=9"},"modified":"2024-06-12T16:06:06","modified_gmt":"2024-06-12T14:06:06","slug":"accueil","status":"publish","type":"page","link":"https:\/\/laviecommence.fr\/","title":{"rendered":"Pr\u00e9sentation"},"content":{"rendered":"<p class=\"p1\"><span class=\"s1\"><b>Pr\u00e9sentation du site \u00ab\u00a0La vie commence\u00a0\u00bb : <\/b><\/span><\/p>\n<p class=\"p2\"><span class=\"s1\"><b>\u00ab\u00a0La vie commence\u00a0\u00bb , c\u2019est d\u2019abord une autobiographie en cours de r\u00e9daction. C\u2019est aussi le blog, les th\u00e8ses, les po\u00e8mes de JJA. JJA ce sont mes initiales, c\u2019est aussi le paraphe que j\u2019ai appos\u00e9 sur des milliers de documents professionnels, des centaines de documents officiels\u2026 alors je peux les poser sur des documents bien plus importants pour moi, ceux ou je me d\u00e9voile, m\u2019expose, m\u2019engage. <\/b><\/span><\/p>\n<p class=\"p2\"><span class=\"s1\"><b>Le Blog de JJA<br \/><\/b>La philosophie est l&rsquo;occupation, la plus, n\u00e9cessaire aux humains. En fait, elle\u00a0 est comme la respiration de leur \u00eatre, de leur moi&#8230; et le \u00ab\u00a0je\u00a0\u00bb n&rsquo;existe plus, \u00e9touffe, si la vie, sa vie n&rsquo;a plus de sens. Or philosopher c&rsquo;est chercher un sens \u00e0 la vie, ma vie. Ce que je d\u00e9pose, al\u00e9atoirement, sur ce blog, sont mes cailloux pour ne pas me perdre. Je vous en fais cadeaux. Souvent, toujours peut-\u00eatre, mes textes parlaient de politique, ce n\u2019est pas seulement que mes r\u00e9flexions\u00a0 me ramenaient inlassablement \u00e0 la vie de la cit\u00e9 humaine, donc \u00ab\u00a0<\/span><span class=\"s2\">du\u00a0\u00bb<\/span><span class=\"s1\"> politique, mais surtout parce qu\u2019\u00e0 l\u2019aube de ma vie d\u2019adulte, en 1968 et les ann\u00e9es qui suivirent, je me suis choisi militant, j\u2019ai choisi de faire <\/span><span class=\"s2\">de \u00ab\u00a0la\u00a0\u00bb\u00a0<\/span><span class=\"s1\"> politique l\u2019affaire de ma vie.<\/span><\/p>\n<p class=\"p2\"><span class=\"s1\"><b>Les th\u00e8ses de JJA<br \/><\/b>Dans cette rubrique, pour l&rsquo;instant vous ne trouvez l\u00e0 que deux documents.\u00a0 Le but est de condenser sous forme de th\u00e8ses, ce que je pense, ce que je crois. A l\u2019avenir, \u00e0 commencer par mes r\u00e9flexions sur le f\u00e9minisme, puis celles sur la vieillesse, j\u2019adopterais, le plus souvent, le titre et la forme moins pr\u00e9tentieuses d\u2019Hypoth\u00e8ses de JJA. Quitte \u00e0 affirmer parfois, au d\u00e9tour d\u2019une recherche, que l\u2019hypoth\u00e8se se transforme en th\u00e8se. <\/span><\/p>\n<p><span class=\"s1\"><b>Les Po\u00e8mes de JJA<br \/><\/b>Je me suis fais de merveilleuses amies po\u00e8tes sur Facebook, dont les vers m\u2019enchantent, leur virtuosit\u00e9 technique sert des sensibilit\u00e9s tr\u00e8s fines et aff\u00fbt\u00e9es. Leur fr\u00e9quentation m\u2019a d\u00e9finitivement convaincu que je devrai abandonner l\u2019\u00e9criture de po\u00e8mes, po\u00e8te est un \u00ab\u00a0m\u00e9tier\u00a0\u00bb \u00e0 temps plein. Bien-s\u00fbr, m\u00eame des plus grands ont du aussi \u00ab travailler \u00bb pour manger, je pense \u00e0 Guillevic, mais l\u2019affaire de leur vie \u00e9tait la po\u00e9sie. Je suis s\u00fbr que pour Christine Raison, Patricia Ligouis Fort, Pat Ryckewaert, Marie Vigneron, V\u00e9ro Ferr\u00e9\u2026 l\u2019\u00e9criture po\u00e9tique est l\u2019affaire de leur vie.<\/span><\/p>\n<p class=\"p2\"><span class=\"s1\">Cependant je publierai peut \u00eatre encore de mes po\u00e8mes, bien que j&rsquo;ai compl\u00e9t\u00e9 mon ab\u00e9c\u00e9daire, un peu comme un point final. Mais j\u2019ai dans mes tiroirs mes deux recueils publi\u00e9s \u00e0 compte d\u2019auteur en 1984, dont j\u2019ai tir\u00e9 un recueil plus petit que je veux\u00a0 publier, en attendant peut-\u00eatre plus, si j\u2019ai un peu de temps, pareil pour les quelques cahiers non exploit\u00e9s \u00e0 ce jour. Bien-s\u00fbr il ya toujours dans cette rubrique la suite sur la paix \u00e9crite \u00e0 Martigues en 1991, en partie sur la place bien nomm\u00e9e, Jean Jaur\u00e8s&#8230; au moment du d\u00e9clenchement de la 1\u00b0 guerre du Golfe.<\/span><\/p>\n<p class=\"p2\"><span class=\"s1\"><b>\u00ab\u00a0La vie commence\u00a0\u00bb, mon autobiographie\u00a0<\/b><br \/>Le but principal, concret, de ce site est la r\u00e9daction de mon autobiographie. J\u2019ai tourn\u00e9 autour du pot, j\u2019ai h\u00e9sit\u00e9 \u00e0 l\u2019appeler par ce mot. En me \u00ab cognant \u00bb \u00e0 l\u2019impossibilit\u00e9 de parler \u00ab s\u00fbr \u00bb<span class=\"Apple-converted-space\">\u00a0 <\/span>les personnes proches, notamment mes \u00e9pouses ; en voyant s\u2019enfuir ma perception de p\u00e9riodes ou trop r\u00e9volues, ou encore trop br\u00fblantes ; confront\u00e9s aux doutes et \u00e0 la vie qui continue j\u2019ai failli abandonner, j\u2019ai arr\u00eat\u00e9. Parler seul n\u2019est pas simple, parce que c\u2019est bien l\u2019exercice auquel je me livre.<\/span><\/p>\n<p class=\"p2\"><span class=\"s1\">J\u2019ai d\u00e9cid\u00e9 de partir \u00e0 la recherches de v\u00e9rit\u00e9s transitoires, al\u00e9atoires sur ce que fut ma vie. Ma soif de savoir, ma\u00a0 \u00ab\u00a0libido sciendi\u00a0\u00bb est le principal ressort de mon envie de vivre. L\u2019usure de mon corps de ma \u00ab\u00a0libido sentiendi\u00a0\u00bb<span class=\"Apple-converted-space\"> ,\u00a0 <\/span>la sagesse\/ma d\u00e9faite quant \u00e0 mes \u00ab\u00a0pouvoirs\u00a0\u00bb donc l&rsquo;usure de ma \u00ab\u00a0libido dominandi\u00a0\u00bb sont\u00a0 compens\u00e9es par mon envie d&rsquo; apprendre sur moi, c&rsquo;est le moyen principal dont je dispose pour apprendre sur la vie humaine et le monde humain.<\/span><\/p>\n<p class=\"p2\"><span class=\"s1\">Donc j\u2019ai d\u00e9cid\u00e9 de me re pencher sur ce texte que je n\u2019osais pas appeler autobiographie, mais pourquoi ? il est toutes sortes d\u2019autobiographies, une autobiographie ordinaire, voir mauvaise, c\u2019est toujours une autobiographie. Ceux qui s\u2019occupent des vieux\/vieilles savent que le \u00ab\u00a0r\u00e9cit \u00a0\u00bb de vie est un outil th\u00e9rapeutique. Donc mon objectif est d\u2019abord de donner du sens \u00e0 ma vie, mon existence : par la recherche en elle m\u00eame et aussi par l\u2019espoir de rencontrer des<span class=\"Apple-converted-space\">\u00a0 <\/span>lecteurs (cela m\u2019est arriv\u00e9 avec les premi\u00e8res publications) et le d\u00e9sir pas plus fou que les autres de laisser une trace.<\/span><\/p>\n<p class=\"p2\"><span class=\"s1\">J\u2019avais projeter de rendre autonome la partie sur la vieillesse. Ses d\u00e9fauts, ses liens t\u00e9nus avec le reste du texte, sa n\u00e9cessit\u00e9 au sein de mon autobiographie m\u2019ont fait abandonner ce projet. Mais, trotte toujours dans ma t\u00eate, l\u2019id\u00e9e de produire un texte qui justifierais ce que j\u2019ai appel\u00e9 \u00ab La cause des vieux \u00bb. <\/span><\/p>\n<p class=\"p2\"><span class=\"s1\">Martigues,\u00a0 le 6 juin 2020, corrig\u00e9 le 12 juin 2024.<\/span><\/p>\n<p class=\"p2\"><span class=\"s1\">JJA <\/span><\/p>\n<p><span class=\"s1\"><i>La vie est un voyage,<br \/>m\u00eame pour celui qui ne bouge pas.<br \/>Les mots sont l\u00e0 pour nous embarquer,<br \/>nous interpeller.<\/i><\/span><\/p>\n<p class=\"p2\"><span class=\"s1\"><i>Mes mots,<br \/>ce n&rsquo;est pas original,<br \/>je vous les adresse pour \u00eatre moins seul,<br \/>me sentir moins seul,<br \/>pour me sentir plus huma<\/i><\/span><span class=\"s3\"><i>in<\/i><br \/><i>parmi les humains.<br \/><\/i><\/span><span class=\"s1\"><br \/>Embarquez, sans oublier ce que vous \u00eates, prenez vos valises.<\/span><\/p>\n\n\n<figure class=\"wp-block-image size-large\"><img loading=\"lazy\" width=\"300\" height=\"211\" src=\"http:\/\/laviecommence.fr\/wp-content\/uploads\/2020\/06\/image.png\" alt=\"\" class=\"wp-image-1690\"\/><\/figure>\n\n\n\n<p><\/p>\n","protected":false},"excerpt":{"rendered":"<p>Pr\u00e9sentation du site \u00ab\u00a0La vie commence\u00a0\u00bb : \u00ab\u00a0La vie commence\u00a0\u00bb , c\u2019est d\u2019abord une autobiographie en cours de r\u00e9daction. C\u2019est aussi le blog, les th\u00e8ses, les po\u00e8mes de JJA. JJA ce sont mes initiales, c\u2019est aussi le paraphe que j\u2019ai appos\u00e9 sur des milliers de documents professionnels, des centaines de documents officiels\u2026 alors je peux &hellip; <\/p>\n<p class=\"link-more\"><a href=\"https:\/\/laviecommence.fr\/\" class=\"more-link\">Continuer la lecture<span class=\"screen-reader-text\"> de &laquo;&nbsp;Pr\u00e9sentation&nbsp;&raquo;<\/span><\/a><\/p>\n","protected":false},"author":3,"featured_media":0,"parent":0,"menu_order":0,"comment_status":"closed","ping_status":"closed","template":"","meta":{"spay_email":""},"jetpack_shortlink":"https:\/\/wp.me\/P9eCPT-9","_links":{"self":[{"href":"https:\/\/laviecommence.fr\/index.php\/wp-json\/wp\/v2\/pages\/9"}],"collection":[{"href":"https:\/\/laviecommence.fr\/index.php\/wp-json\/wp\/v2\/pages"}],"about":[{"href":"https:\/\/laviecommence.fr\/index.php\/wp-json\/wp\/v2\/types\/page"}],"author":[{"embeddable":true,"href":"https:\/\/laviecommence.fr\/index.php\/wp-json\/wp\/v2\/users\/3"}],"replies":[{"embeddable":true,"href":"https:\/\/laviecommence.fr\/index.php\/wp-json\/wp\/v2\/comments?post=9"}],"version-history":[{"count":60,"href":"https:\/\/laviecommence.fr\/index.php\/wp-json\/wp\/v2\/pages\/9\/revisions"}],"predecessor-version":[{"id":4106,"href":"https:\/\/laviecommence.fr\/index.php\/wp-json\/wp\/v2\/pages\/9\/revisions\/4106"}],"wp:attachment":[{"href":"https:\/\/laviecommence.fr\/index.php\/wp-json\/wp\/v2\/media?parent=9"}],"curies":[{"name":"wp","href":"https:\/\/api.w.org\/{rel}","templated":true}]}}